{"id":7531,"date":"2021-05-04T09:05:54","date_gmt":"2021-05-04T07:05:54","guid":{"rendered":"https:\/\/www.canrafalet.com\/condiciones-de-contratacion\/"},"modified":"2022-09-07T10:01:08","modified_gmt":"2022-09-07T08:01:08","slug":"condiciones-de-contratacion","status":"publish","type":"page","link":"https:\/\/www.canrafalet.com\/en\/condiciones-de-contratacion\/","title":{"rendered":"Condiciones de contrataci\u00f3n"},"content":{"rendered":"[vc_row type=&#8221;in_container&#8221; full_screen_row_position=&#8221;middle&#8221; column_margin=&#8221;default&#8221; column_direction=&#8221;default&#8221; column_direction_tablet=&#8221;default&#8221; column_direction_phone=&#8221;default&#8221; scene_position=&#8221;center&#8221; text_color=&#8221;dark&#8221; text_align=&#8221;left&#8221; row_border_radius=&#8221;none&#8221; row_border_radius_applies=&#8221;bg&#8221; class=&#8221;text-black&#8221; overlay_strength=&#8221;0.3&#8243; gradient_direction=&#8221;left_to_right&#8221; shape_divider_position=&#8221;bottom&#8221; bg_image_animation=&#8221;none&#8221; shape_type=&#8221;&#8221;][vc_column column_padding=&#8221;no-extra-padding&#8221; column_padding_tablet=&#8221;inherit&#8221; column_padding_phone=&#8221;inherit&#8221; column_padding_position=&#8221;all&#8221; bottom_margin=&#8221;60&#8243; background_color_opacity=&#8221;1&#8243; background_hover_color_opacity=&#8221;1&#8243; column_shadow=&#8221;none&#8221; column_border_radius=&#8221;none&#8221; column_link_target=&#8221;_self&#8221; gradient_direction=&#8221;left_to_right&#8221; overlay_strength=&#8221;0.3&#8243; width=&#8221;1\/1&#8243; tablet_width_inherit=&#8221;default&#8221; tablet_text_alignment=&#8221;default&#8221; phone_text_alignment=&#8221;default&#8221; column_border_width=&#8221;none&#8221; column_border_style=&#8221;solid&#8221; bg_image_animation=&#8221;none&#8221;][vc_custom_heading source=&#8221;post_title&#8221; font_container=&#8221;tag:h1|text_align:center&#8221; use_theme_fonts=&#8221;yes&#8221; el_class=&#8221;titlegal&#8221; css=&#8221;.vc_custom_1655104467633{padding-bottom: 20px !important;}&#8221;][vc_column_text]\n<h4>CONDICIONES GENERALES DE RESERVA<\/h4>\n<p>Las presentes Condiciones Generales de Reserva (en adelante Condiciones Generales) regular\u00e1n la relaci\u00f3n comercial que surja entre IBIZEA SL y el usuario o cliente por la contrataci\u00f3n realizada a trav\u00e9s de los formularios que IBIZEA SL pone a su disposici\u00f3n en su WWW.CANRAFALET.COM.<\/p>\n<p>La reserva a trav\u00e9s de los sitios web de IBIZEA SL supondr\u00e1 la aceptaci\u00f3n expresa, por el cliente o usuario de las p\u00e1ginas, de estas condiciones, como tambi\u00e9n de las condiciones de uso establecidas para la navegaci\u00f3n del usuario por las p\u00e1ginas propiedad de IBIZEA SL.<\/p>\n<p>Estas condiciones ser\u00e1n de aplicaci\u00f3n sin perjuicio de la aplicaci\u00f3n de las normas legales sobre la materia que sean de aplicaci\u00f3n para cada caso.<\/p>\n<p>Las condiciones Generales de Contrataci\u00f3n regulan la relaci\u00f3n de venta a distancia entre IBIZEA SL y el usuario o cliente, de acuerdo con las estipulaciones legales, en especial, la Ley 7\/1998, de 13 de abril, sobre Condiciones Generales de Contrataci\u00f3n, la Ley 3\/2014, de 27 de marzo por la que se modifica el texto refundido de la Ley General para la Defensa de los consumidores y Usuarios, la normativa vigente y aplicable en materia de Protecci\u00f3n de Datos de Car\u00e1cter Personal, la Ley 7\/1996, de 15 de enero de Ordenaci\u00f3n del Comercio Minorista, y a la Ley 34\/2002 de 11 de julio, de Servicios de la Sociedad de la Informaci\u00f3n y de Comercio Electr\u00f3nico.<\/p>\n<p>IBIZEA SL se reserva el derecho a realizar las modificaciones que considere oportunas, sin aviso previo, en las Condiciones Generales. Dichas modificaciones podr\u00e1n realizarse, a trav\u00e9s de sus websites, por cualquier forma admisible en derecho y ser\u00e1n de obligado cumplimiento durante el tiempo en que se encuentren publicadas en la web y hasta que no sean modificadas v\u00e1lidamente por otras posteriores. No obstante, IBIZEA SL se reserva el derecho de aplicar, en determinados casos, unas Condiciones Particulares de Contrataci\u00f3n con preferencia a las presentes Condiciones Generales cuando lo considerara oportuno, anunci\u00e1ndolas en tiempo y forma oportunos.<\/p>\n<p><strong>Informaci\u00f3n previa a la reserva<\/strong><\/p>\n<p>IBIZEA SL informa que el procedimiento de reserva a trav\u00e9s de sus p\u00e1ginas web viene detallado en el apartado correspondiente para la formalizaci\u00f3n de la reserva.<\/p>\n<p>Asimismo, IBIZEA SL informa que el usuario puede tener acceso a las condiciones de uso que dispone en la misma web.<\/p>\n<p>Por la reserva con IBIZEA SL a trav\u00e9s de su website, el usuario o cliente declara expresamente conocer, entender y aceptar dichas condiciones de uso y las Condiciones Generales. Del mismo modo el usuario declara ser mayor de edad y tener la capacidad jur\u00eddica y de obrar necesaria para el acceso a los sitios web de IBIZEA SL y la contrataci\u00f3n por medio de los mismos. El usuario se hace responsable de tratar confidencial y responsablemente la identidad y contrase\u00f1a obtenidas en el registro como cliente, no pudiendo cederlas a otro.<\/p>\n<p>Una vez efectuada la reserva el usuario visualizar\u00e1 la confirmaci\u00f3n de su reserva en pantalla, pudiendo imprimir \u00e9sta como comprobante de la reserva efectuada.<\/p>\n<p>La confirmaci\u00f3n de reserva y el comprobante de la reserva (impresi\u00f3n que hace el usuario) no tendr\u00e1n validez como factura.<\/p>\n<p><strong>Informaci\u00f3n adicional del alojamiento.<\/strong><\/p>\n<p>El desayuno est\u00e1 incluido. El horario del servicio ser\u00e1 de 8:30 a 11:00 de la ma\u00f1ana.<\/p>\n<p>El suplemento de cama adicional tendr\u00e1 un precio de 80\u20ac la noche.<\/p>\n<p>Se permiten ni\u00f1os a partir de 15 a\u00f1os en adelante.<\/p>\n<p>No se aceptan animales de compa\u00f1\u00eda.<\/p>\n<h4>FUNCIONAMIENTO DE LA RESERVA<\/h4>\n<p><strong>Oferta de reservas y referencia de precios.<\/strong><\/p>\n<p>En cumplimiento de la normativa vigente y, en especial de la Ley 34\/2002 de servicios de la sociedad de la informaci\u00f3n y del comercio electr\u00f3nico, IBIZEA SL ofrece en el apartado correspondiente para la formalizaci\u00f3n de la reserva informaci\u00f3n sobre todas las posibles reservas, sus caracter\u00edsticas y precios. No obstante, IBIZEA SL se reserva el derecho a retirar, reponer o cambiar las ofertas que se ofrecen a sus clientes a trav\u00e9s de su p\u00e1gina web, mediante el simple cambio en el contenido de las mismas. De esta forma, los productos y\/o servicios ofrecidos en cada momento por la website de IBIZEA SL se regir\u00e1n por las Condiciones Generales vigentes en cada caso. Asimismo, la empresa tendr\u00e1 la facultad de dejar de ofrecer, sin previo aviso y en cualquier momento, el acceso a los productos y\/o servicios mencionados.<\/p>\n<p><strong>Indicaci\u00f3n de los precios.<\/strong><\/p>\n<p>Cada posible reserva ofrecida tendr\u00e1 indicado su precio y si tiene incorporado el IVA o cualquier otro impuesto que, en su caso, sea de aplicaci\u00f3n. Los precios indicados en pantalla ser\u00e1n los vigentes en cada momento salvo error tipogr\u00e1fico. Cuando el precio sea diferente por el motivo anteriormente expuesto, IBIZEA SL lo comunicar\u00e1 al cliente, v\u00eda e-mail, antes de proceder el cobro de la reserva.<\/p>\n<p><strong>Disponibilidad.<\/strong><\/p>\n<p>La disponibilidad de las ofertas ofrecidas por IBIZEA SL a trav\u00e9s de su p\u00e1gina web puede variar en funci\u00f3n de la demanda de los clientes. Pese a que IBIZEA SL actualiza la base de datos peri\u00f3dicamente, la reserva solicitada por el cliente podr\u00eda estar completa en ese momento. En tal caso, IBIZEA SL remitir\u00e1 un e-mail al cliente inform\u00e1ndole de la imposibilidad de la disponibilidad de la oferta.<\/p>\n<p><strong>Formas de pago.<\/strong><\/p>\n<p>IBIZEA SL solicita en las reservas a trav\u00e9s de su p\u00e1gina web los datos de una tarjeta de cr\u00e9dito, titular de reserva, para garantizar la efectividad de la misma.<\/p>\n<p>El establecimiento efectuar\u00e1 un cargo en su tarjeta de cr\u00e9dito al realizar esta reserva. El cargo que se efectuar\u00e1 ser\u00e1 del 30% del total de la estancia o el 100% en caso de que escojan una reserva con la pol\u00edtica no reembolsable La tarjeta se utiliza como garant\u00eda y m\u00e9todo de pago. El establecimiento se reserva el derecho a comprobar la validez de la tarjeta de cr\u00e9dito antes de la llegada del cliente. La factura restante a la reserva, se saldar\u00e1 directamente en el establecimiento, ya sea en met\u00e1lico, con tarjeta de cr\u00e9dito o de cualquier otro modo aceptado por el establecimiento.<\/p>\n<p>Se realizar\u00e1 el pago del resto del importe el d\u00eda de salida en el \u201ccheck out\u201d del cliente.<\/p>\n<p><strong>Cancelaci\u00f3n de la reserva.<\/strong><\/p>\n<p>Una reserva se considera confirmada con el pago por adelantado de un dep\u00f3sito del 30% del valor de la estancia, a trav\u00e9s de transferencia bancaria o mediante cargo en tarjeta de cr\u00e9dito. En estancias inferiores a tres d\u00edas se cobrar\u00e1 un d\u00eda.<\/p>\n<p>En el caso de cancelaci\u00f3n con m\u00e1s de un mes antes del inicio de la estancia, el dep\u00f3sito se devolver\u00e1. En caso de cancelar a un mes o menos del inicio de su estancia, se perder\u00e1 la totalidad del dep\u00f3sito.<\/p>\n<p>En caso de cancelar con menos de diez d\u00edas de antelaci\u00f3n, no presentarse o de salida antes de lo previsto, se le cobrar\u00e1 el resto de la estancia.<\/p>\n<p><strong>Para eventos y celebraciones, se requiere un pago por adelantado del 50% del presupuesto total<\/strong>. Para cancelaciones con m\u00e1s de tres meses de adelanto, el dep\u00f3sito se guardar\u00e1 para futuras estancias dentro del mismo a\u00f1o. Para cancelaciones comunicadas tres meses o menos antes del inicio de su estancia, se perder\u00e1 la totalidad del dep\u00f3sito.<\/p>\n<h4>PROTECCI\u00d3N DE DATOS<\/h4>\n<p>De conformidad con lo establecido en la normativa vigente en Protecci\u00f3n de Datos de Car\u00e1cter Personal, le informamos que sus datos ser\u00e1n incorporados al sistema de tratamiento titularidad de IBIZEA SL con CIF B57605594 y domicilio social sito en PERE BARDAJI I BALANSAT, 12 BAJO SEGUNDA 07800, EIVISSA (ILLES BALEARS), con la finalidad de poder facilitar, agilizar y cumplir los compromisos establecidos entre ambas partes. En cumplimiento con la normativa vigente, IBIZEA SL informa que los datos ser\u00e1n conservados durante el plazo estrictamente necesario para cumplir con los preceptos mencionados con anterioridad.<\/p>\n<p>Mientras no nos comunique lo contrario, entenderemos que sus datos no han sido modificados, que usted se compromete a notificarnos cualquier variaci\u00f3n y que tenemos su consentimiento para utilizarlos para las finalidades mencionadas.<\/p>\n<p>IBIZEA SL informa que proceder\u00e1 a tratar los datos de manera l\u00edcita, leal, transparente, adecuada, pertinente, limitada, exacta y actualizada. Es por ello que IBIZEA SL se compromete a adoptar todas las medidas razonables para que estos se supriman o rectifiquen sin dilaci\u00f3n cuando sean inexactos.<\/p>\n<p>De acuerdo con los derechos que le confiere el la normativa vigente en protecci\u00f3n de datos podr\u00e1 ejercer los derechos de acceso, rectificaci\u00f3n, limitaci\u00f3n de tratamiento, supresi\u00f3n, portabilidad y oposici\u00f3n al tratamiento de sus datos de car\u00e1cter personal as\u00ed como del consentimiento prestado para el tratamiento de los mismos, dirigiendo su petici\u00f3n a la direcci\u00f3n postal indicada m\u00e1s arriba o al correo electr\u00f3nico <a href=\"mailto:info@ibizea.com\">info@ibizea.com<\/a>.<\/p>\n<p>Podr\u00e1 dirigirse a la Autoridad de Control competente para presentar la reclamaci\u00f3n que considere oportuna.<\/p>\n<h4>LEGISLACI\u00d3N Y JURISDICCI\u00d3N APLICABLE<\/h4>\n<p>Asimismo, IBIZEA SL se reserva la facultad de presentar las acciones civiles o penales que considere oportunas por la utilizaci\u00f3n indebida de su sitio web y contenidos o por el incumplimiento de las presentes condiciones.<\/p>\n<p>La relaci\u00f3n entre el usuario y el prestador se regir\u00e1 por la normativa vigente y de aplicaci\u00f3n en el territorio espa\u00f1ol. De surgir cualquier controversia las partes podr\u00e1n someter sus conflictos a arbitraje o acudir a la jurisdicci\u00f3n ordinaria cumpliendo con las normas sobre jurisdicci\u00f3n y competencia al respecto. IBIZEA SL tiene su domicilio en ILLES BALEARS, Espa\u00f1a.[\/vc_column_text][\/vc_column][\/vc_row]\n","protected":false},"excerpt":{"rendered":"<p>[vc_row type=&#8221;in_container&#8221; full_screen_row_position=&#8221;middle&#8221; column_margin=&#8221;default&#8221; column_direction=&#8221;default&#8221; column_direction_tablet=&#8221;default&#8221; column_direction_phone=&#8221;default&#8221; scene_position=&#8221;center&#8221; text_color=&#8221;dark&#8221; text_align=&#8221;left&#8221; row_border_radius=&#8221;none&#8221; row_border_radius_applies=&#8221;bg&#8221; class=&#8221;text-black&#8221; overlay_strength=&#8221;0.3&#8243; gradient_direction=&#8221;left_to_right&#8221;&#8230;<\/p>\n","protected":false},"author":1,"featured_media":0,"parent":0,"menu_order":0,"comment_status":"closed","ping_status":"closed","template":"","meta":{"footnotes":""},"class_list":["post-7531","page","type-page","status-publish"],"yoast_head":"<!-- This site is optimized with the Yoast SEO plugin v26.2 - https:\/\/yoast.com\/wordpress\/plugins\/seo\/ -->\n<title>Condiciones de contrataci\u00f3n - Es Palauet<\/title>\n<meta name=\"robots\" content=\"index, follow, max-snippet:-1, max-image-preview:large, max-video-preview:-1\" \/>\n<link rel=\"canonical\" href=\"https:\/\/www.canrafalet.com\/en\/condiciones-de-contratacion\/\" \/>\n<meta property=\"og:locale\" content=\"en_US\" \/>\n<meta property=\"og:type\" content=\"article\" \/>\n<meta property=\"og:title\" content=\"Condiciones de contrataci\u00f3n - Es Palauet\" \/>\n<meta property=\"og:description\" content=\"[vc_row type=&#8221;in_container&#8221; full_screen_row_position=&#8221;middle&#8221; column_margin=&#8221;default&#8221; column_direction=&#8221;default&#8221; column_direction_tablet=&#8221;default&#8221; column_direction_phone=&#8221;default&#8221; scene_position=&#8221;center&#8221; text_color=&#8221;dark&#8221; text_align=&#8221;left&#8221; row_border_radius=&#8221;none&#8221; row_border_radius_applies=&#8221;bg&#8221; class=&#8221;text-black&#8221; overlay_strength=&#8221;0.3&#8243; gradient_direction=&#8221;left_to_right&#8221;...\" \/>\n<meta property=\"og:url\" content=\"https:\/\/www.canrafalet.com\/en\/condiciones-de-contratacion\/\" \/>\n<meta property=\"og:site_name\" content=\"Can Rafalet\" \/>\n<meta property=\"article:modified_time\" content=\"2022-09-07T08:01:08+00:00\" \/>\n<meta name=\"twitter:card\" content=\"summary_large_image\" \/>\n<meta name=\"twitter:label1\" content=\"Est. reading time\" \/>\n\t<meta name=\"twitter:data1\" content=\"7 minutes\" \/>\n<script type=\"application\/ld+json\" class=\"yoast-schema-graph\">{\"@context\":\"https:\/\/schema.org\",\"@graph\":[{\"@type\":\"WebPage\",\"@id\":\"https:\/\/www.canrafalet.com\/en\/condiciones-de-contratacion\/\",\"url\":\"https:\/\/www.canrafalet.com\/en\/condiciones-de-contratacion\/\",\"name\":\"Condiciones de contrataci\u00f3n - Es Palauet\",\"isPartOf\":{\"@id\":\"https:\/\/www.canrafalet.com\/#website\"},\"datePublished\":\"2021-05-04T07:05:54+00:00\",\"dateModified\":\"2022-09-07T08:01:08+00:00\",\"breadcrumb\":{\"@id\":\"https:\/\/www.canrafalet.com\/en\/condiciones-de-contratacion\/#breadcrumb\"},\"inLanguage\":\"en-US\",\"potentialAction\":[{\"@type\":\"ReadAction\",\"target\":[\"https:\/\/www.canrafalet.com\/en\/condiciones-de-contratacion\/\"]}]},{\"@type\":\"BreadcrumbList\",\"@id\":\"https:\/\/www.canrafalet.com\/en\/condiciones-de-contratacion\/#breadcrumb\",\"itemListElement\":[{\"@type\":\"ListItem\",\"position\":1,\"name\":\"Portada\",\"item\":\"https:\/\/www.canrafalet.com\/en\/es-palauet\/\"},{\"@type\":\"ListItem\",\"position\":2,\"name\":\"Condiciones de contrataci\u00f3n\"}]},{\"@type\":\"WebSite\",\"@id\":\"https:\/\/www.canrafalet.com\/#website\",\"url\":\"https:\/\/www.canrafalet.com\/\",\"name\":\"Can Rafalet\",\"description\":\"Can Rafalet Ibiza\",\"potentialAction\":[{\"@type\":\"SearchAction\",\"target\":{\"@type\":\"EntryPoint\",\"urlTemplate\":\"https:\/\/www.canrafalet.com\/?s={search_term_string}\"},\"query-input\":{\"@type\":\"PropertyValueSpecification\",\"valueRequired\":true,\"valueName\":\"search_term_string\"}}],\"inLanguage\":\"en-US\"}]}<\/script>\n<!-- \/ Yoast SEO plugin. -->","yoast_head_json":{"title":"Condiciones de contrataci\u00f3n - Es Palauet","robots":{"index":"index","follow":"follow","max-snippet":"max-snippet:-1","max-image-preview":"max-image-preview:large","max-video-preview":"max-video-preview:-1"},"canonical":"https:\/\/www.canrafalet.com\/en\/condiciones-de-contratacion\/","og_locale":"en_US","og_type":"article","og_title":"Condiciones de contrataci\u00f3n - Es Palauet","og_description":"[vc_row type=&#8221;in_container&#8221; full_screen_row_position=&#8221;middle&#8221; column_margin=&#8221;default&#8221; column_direction=&#8221;default&#8221; column_direction_tablet=&#8221;default&#8221; column_direction_phone=&#8221;default&#8221; scene_position=&#8221;center&#8221; text_color=&#8221;dark&#8221; text_align=&#8221;left&#8221; row_border_radius=&#8221;none&#8221; row_border_radius_applies=&#8221;bg&#8221; class=&#8221;text-black&#8221; overlay_strength=&#8221;0.3&#8243; gradient_direction=&#8221;left_to_right&#8221;...","og_url":"https:\/\/www.canrafalet.com\/en\/condiciones-de-contratacion\/","og_site_name":"Can Rafalet","article_modified_time":"2022-09-07T08:01:08+00:00","twitter_card":"summary_large_image","twitter_misc":{"Est. reading time":"7 minutes"},"schema":{"@context":"https:\/\/schema.org","@graph":[{"@type":"WebPage","@id":"https:\/\/www.canrafalet.com\/en\/condiciones-de-contratacion\/","url":"https:\/\/www.canrafalet.com\/en\/condiciones-de-contratacion\/","name":"Condiciones de contrataci\u00f3n - Es Palauet","isPartOf":{"@id":"https:\/\/www.canrafalet.com\/#website"},"datePublished":"2021-05-04T07:05:54+00:00","dateModified":"2022-09-07T08:01:08+00:00","breadcrumb":{"@id":"https:\/\/www.canrafalet.com\/en\/condiciones-de-contratacion\/#breadcrumb"},"inLanguage":"en-US","potentialAction":[{"@type":"ReadAction","target":["https:\/\/www.canrafalet.com\/en\/condiciones-de-contratacion\/"]}]},{"@type":"BreadcrumbList","@id":"https:\/\/www.canrafalet.com\/en\/condiciones-de-contratacion\/#breadcrumb","itemListElement":[{"@type":"ListItem","position":1,"name":"Portada","item":"https:\/\/www.canrafalet.com\/en\/es-palauet\/"},{"@type":"ListItem","position":2,"name":"Condiciones de contrataci\u00f3n"}]},{"@type":"WebSite","@id":"https:\/\/www.canrafalet.com\/#website","url":"https:\/\/www.canrafalet.com\/","name":"Can Rafalet","description":"Can Rafalet Ibiza","potentialAction":[{"@type":"SearchAction","target":{"@type":"EntryPoint","urlTemplate":"https:\/\/www.canrafalet.com\/?s={search_term_string}"},"query-input":{"@type":"PropertyValueSpecification","valueRequired":true,"valueName":"search_term_string"}}],"inLanguage":"en-US"}]}},"_links":{"self":[{"href":"https:\/\/www.canrafalet.com\/en\/wp-json\/wp\/v2\/pages\/7531","targetHints":{"allow":["GET"]}}],"collection":[{"href":"https:\/\/www.canrafalet.com\/en\/wp-json\/wp\/v2\/pages"}],"about":[{"href":"https:\/\/www.canrafalet.com\/en\/wp-json\/wp\/v2\/types\/page"}],"author":[{"embeddable":true,"href":"https:\/\/www.canrafalet.com\/en\/wp-json\/wp\/v2\/users\/1"}],"replies":[{"embeddable":true,"href":"https:\/\/www.canrafalet.com\/en\/wp-json\/wp\/v2\/comments?post=7531"}],"version-history":[{"count":0,"href":"https:\/\/www.canrafalet.com\/en\/wp-json\/wp\/v2\/pages\/7531\/revisions"}],"wp:attachment":[{"href":"https:\/\/www.canrafalet.com\/en\/wp-json\/wp\/v2\/media?parent=7531"}],"curies":[{"name":"wp","href":"https:\/\/api.w.org\/{rel}","templated":true}]}}